{"id":10005,"date":"2022-02-09T12:05:25","date_gmt":"2022-02-09T11:05:25","guid":{"rendered":"https:\/\/partner-store.com\/charterway-long-term-rental-rental-fleet\/"},"modified":"2022-02-09T12:06:41","modified_gmt":"2022-02-09T11:06:41","slug":"charterway-long-term-rental-rental-fleet","status":"publish","type":"page","link":"https:\/\/partner-store.com\/en\/charterway-long-term-rental-rental-fleet\/","title":{"rendered":"CharterWay Long Term Rental Rental Fleet"},"content":{"rendered":"<p>[vc_row full_width=&#8221;stretch_row_content_no_spaces&#8221; remove_padding=&#8221;no-padding-vc-row&#8221; el_class=&#8221;slider_top&#8221; css=&#8221;.vc_custom_1500645053783{background-image: url(https:\/\/partner-store.com\/wp-content\/uploads\/2017\/06\/Header_Fahren_Langzeitmiete_2814x540.jpg?id=1433) !important;background-position: center !important;background-repeat: no-repeat !important;background-size: cover !important;}&#8221;][vc_column][vc_empty_space height=&#8221;270px&#8221;][\/vc_column][\/vc_row][vc_row remove_padding=&#8221;no-padding-vc-row&#8221; css=&#8221;.vc_custom_1499091058685{margin-top: 50px !important;}&#8221;][vc_column width=&#8221;1\/3&#8243;][vc_single_image image=&#8221;9243&#8243; img_size=&#8221;large&#8221;][\/vc_column][vc_column width=&#8221;2\/3&#8243;][vc_column_text]<\/p>\n<h1><span style=\"color: #000000;\">The Mercedes-Benz <span style=\"color: #d40511;\">CharterWay rental fleet<\/span><\/span><\/h1>\n<p><span style=\"color: #000000;\">With our Mercedes-Benz commercial vehicles, we offer a selection of models that is as versatile as the products they transport. So you can always find the right trucks for your job size. Modern times need a modern fleet. So choose your vehicles from Germany&#8217;s most innovative rental fleet. Our vehicles are also equipped exclusively with the latest safety technology.<\/span>[\/vc_column_text][\/vc_column][\/vc_row][vc_row remove_padding=&#8221;no-padding-vc-row&#8221;][vc_column width=&#8221;1\/3&#8243;][vc_single_image image=&#8221;9353&#8243; img_size=&#8221;full&#8221;][\/vc_column][vc_column width=&#8221;2\/3&#8243;][vc_column_text css=&#8221;.vc_custom_1499849583441{margin-bottom: 0px !important;padding-top: 15px !important;padding-bottom: 10px !important;padding-left: 5% !important;background-color: #ffcc00 !important;}&#8221;]<\/p>\n<h2 class=\"elementHeader\"><span style=\"color: #000000;\">ATEGO 818 L FLATBED \/ TARPAULIN OR PLYWOOD CASE<\/span><\/h2>\n<p>[\/vc_column_text][vc_column_text css=&#8221;.vc_custom_1499849596175{margin-right: 0px !important;border-bottom-width: 1px !important;padding-top: 20px !important;padding-right: 5% !important;padding-bottom: 20px !important;padding-left: 5% !important;background-color: #fff0b7 !important;border-bottom-color: #ffcc00 !important;border-bottom-style: solid !important;}&#8221;]\n<table id=\"tablepress-2\" class=\"tablepress tablepress-id-2\">\n<tbody>\n<tr class=\"row-1 odd\">\n\t<td class=\"column-1\">Fahrerhaus<\/td><td class=\"column-2\">Ginstergelb (MB 1212) mit DHL oder <br \/>\nDeutsche-Post-Firmenbeschriftung<\/td>\n<\/tr>\n<tr class=\"row-2 even\">\n\t<td class=\"column-1\">Aufbau<\/td><td class=\"column-2\">An- und Aufbauten von Firma Junge oder Spier, komplett in DHL-Ausf\u00fchrung mit Firmenfarben und -beschriftung<\/td>\n<\/tr>\n<tr class=\"row-3 odd\">\n\t<td class=\"column-1\">Ausstattung<\/td><td class=\"column-2\">PowerShift 3 Automatikgetriebe, Klimaanlage, Ladebordwand 1.000 kg, Start-Stop-Automatik, 3-D-Dachspoiler, Hubwagenhalterung, FleetBoard Fahrzeugrechner, Feuerl\u00f6scherhalter, Gefahrguttafeln, Staukasten, CD-Radio-Bluetooth, Fleetboard Telematiksystem inklusive<\/td>\n<\/tr>\n<tr class=\"row-4 even\">\n\t<td class=\"column-1\">Leistung<\/td><td class=\"column-2\">130 kW (177 PS)<\/td>\n<\/tr>\n<tr class=\"row-5 odd\">\n\t<td class=\"column-1\">Gesamtgewicht<\/td><td class=\"column-2\">7.490 kg<\/td>\n<\/tr>\n<tr class=\"row-6 even\">\n\t<td class=\"column-1\">Nutzlast<\/td><td class=\"column-2\">Pritsche: ca. 2.050 kg ; Koffer: ca. 2.000 kg<\/td>\n<\/tr>\n<tr class=\"row-7 odd\">\n\t<td class=\"column-1\">Laderaum innen<\/td><td class=\"column-2\">L 6.100 \/ B 2.470 \/ H 2.400 <\/td>\n<\/tr>\n<tr class=\"row-8 even\">\n\t<td class=\"column-1\">Palettenstellpl\u00e4tze<\/td><td class=\"column-2\">15<\/td>\n<\/tr>\n<\/tbody>\n<\/table>\n<!-- #tablepress-2 from cache -->[\/vc_column_text][\/vc_column][\/vc_row][vc_row remove_padding=&#8221;no-padding-vc-row&#8221;][vc_column width=&#8221;1\/3&#8243;][vc_single_image image=&#8221;9354&#8243; img_size=&#8221;full&#8221;][\/vc_column][vc_column width=&#8221;2\/3&#8243;][vc_column_text css=&#8221;.vc_custom_1499849608201{margin-bottom: 0px !important;padding-top: 15px !important;padding-bottom: 10px !important;padding-left: 5% !important;background-color: #ffcc00 !important;}&#8221;]<\/p>\n<h2 class=\"elementHeader\"><span style=\"color: #000000;\">ATEGO 1224 L EURO 5 PLATFORM \/ TARPAULIN OR<br \/>\nPLYWOOD CASE<br \/>\n<\/span><\/h2>\n<p>[\/vc_column_text][vc_column_text css=&#8221;.vc_custom_1499849620453{margin-right: 0px !important;border-bottom-width: 1px !important;padding-top: 20px !important;padding-right: 5% !important;padding-bottom: 20px !important;padding-left: 5% !important;background-color: #fff0b7 !important;border-bottom-color: #ffcc00 !important;border-bottom-style: solid !important;}&#8221;]\n<table id=\"tablepress-3\" class=\"tablepress tablepress-id-3\">\n<tbody>\n<tr class=\"row-1 odd\">\n\t<td class=\"column-1\">Fahrerhaus<\/td><td class=\"column-2\">Ginstergelb (MB 1212) mit DHL oder <br \/>\nDeutsche-Post-Firmenbeschriftung<\/td>\n<\/tr>\n<tr class=\"row-2 even\">\n\t<td class=\"column-1\">Aufbau<\/td><td class=\"column-2\">An- und Aufbauten von Firma Junge oder Spier, komplett in DHL-Ausf\u00fchrung mit Firmenfarben und -beschriftung<\/td>\n<\/tr>\n<tr class=\"row-3 odd\">\n\t<td class=\"column-1\">Ausstattung<\/td><td class=\"column-2\"> \tPowerShift 3 Automatikgetriebe, Klimaanlage, Ladebordwand 1.500 kg, Anh\u00e4ngerkupplung mit Duomatikanschl\u00fcssen, Start-Stop-Automatik, 3-D-Dachspoiler, Klimaanlage, Hubwagenhalterung, FleetBoard Fahrzeugrechner, Feuerl\u00f6scherhalter, Gefahrguttafeln, Staukasten, CD-Radio-Bluetooth, Tempomat, Fleetboard Telematiksystem inklusive<\/td>\n<\/tr>\n<tr class=\"row-4 even\">\n\t<td class=\"column-1\">Leistung<\/td><td class=\"column-2\">175 kW (238 PS)<\/td>\n<\/tr>\n<tr class=\"row-5 odd\">\n\t<td class=\"column-1\">Gesamtgewicht<\/td><td class=\"column-2\">11.990 kg<\/td>\n<\/tr>\n<tr class=\"row-6 even\">\n\t<td class=\"column-1\">Nutzlast<\/td><td class=\"column-2\">Pritsche: ca. 5.300 Kg ; Koffer: ca. 5.200 Kg<\/td>\n<\/tr>\n<tr class=\"row-7 odd\">\n\t<td class=\"column-1\">Laderaum innen<\/td><td class=\"column-2\">L 7.200 \/ B 2.470 \/ H 2.400&nbsp;mm<\/td>\n<\/tr>\n<tr class=\"row-8 even\">\n\t<td class=\"column-1\">Palettenstellpl\u00e4tze<\/td><td class=\"column-2\">17<\/td>\n<\/tr>\n<\/tbody>\n<\/table>\n<!-- #tablepress-3 from cache -->[\/vc_column_text][\/vc_column][\/vc_row][vc_row remove_padding=&#8221;no-padding-vc-row&#8221;][vc_column width=&#8221;1\/3&#8243;][vc_single_image image=&#8221;9358&#8243; img_size=&#8221;full&#8221;][\/vc_column][vc_column width=&#8221;2\/3&#8243;][vc_column_text css=&#8221;.vc_custom_1499850322603{margin-bottom: 0px !important;padding-top: 15px !important;padding-bottom: 10px !important;padding-left: 5% !important;background-color: #ffcc00 !important;}&#8221;]<\/p>\n<h2 class=\"elementHeader\"><span style=\"color: #000000;\">TANDEM TRAILER FLATBED \/ TARPAULIN WITH THROUGH-LOADING DEVICE<br \/>\n<\/span><\/h2>\n<p>[\/vc_column_text][vc_column_text css=&#8221;.vc_custom_1499849643348{margin-right: 0px !important;border-bottom-width: 1px !important;padding-top: 20px !important;padding-right: 5% !important;padding-bottom: 20px !important;padding-left: 5% !important;background-color: #fff0b7 !important;border-bottom-color: #ffcc00 !important;border-bottom-style: solid !important;}&#8221;]\n<table id=\"tablepress-4\" class=\"tablepress tablepress-id-4\">\n<tbody>\n<tr class=\"row-1 odd\">\n\t<td class=\"column-1\">Ausstattung<\/td><td class=\"column-2\">Komplett in DHL oder Deutsche-Post-Firmenbeschriftung, Nachtparktafel, Gefahrguttafel, Luftfederung, Heckportalt\u00fcren, Duomatikanschl\u00fcsse, Vorderwandportal mit Durchladeeinrichtung zum Motorwagen, Anh\u00e4nger ist exakt abgestimmt auf Zugfahrzeug Atego 1224 L DHL-Ausf\u00fchrung<\/td>\n<\/tr>\n<tr class=\"row-2 even\">\n\t<td class=\"column-1\">Gesamtgewicht<\/td><td class=\"column-2\">10.000 kg<\/td>\n<\/tr>\n<tr class=\"row-3 odd\">\n\t<td class=\"column-1\">Nutzlast<\/td><td class=\"column-2\">ca. 6750 kg<\/td>\n<\/tr>\n<tr class=\"row-4 even\">\n\t<td class=\"column-1\">Laderaum innen<\/td><td class=\"column-2\">L 7.160 \/ B 2.470 \/ H 2.400 mm<\/td>\n<\/tr>\n<tr class=\"row-5 odd\">\n\t<td class=\"column-1\">Palettenstellpl\u00e4tze<\/td><td class=\"column-2\">17<\/td>\n<\/tr>\n<\/tbody>\n<\/table>\n<!-- #tablepress-4 from cache -->[\/vc_column_text][\/vc_column][\/vc_row][vc_row remove_padding=&#8221;no-padding-vc-row&#8221;][vc_column width=&#8221;1\/3&#8243;][vc_single_image image=&#8221;9357&#8243; img_size=&#8221;full&#8221;][\/vc_column][vc_column width=&#8221;2\/3&#8243;][vc_column_text css=&#8221;.vc_custom_1593505861510{margin-bottom: 0px !important;padding-top: 15px !important;padding-bottom: 10px !important;padding-left: 5% !important;background-color: #ffcc00 !important;}&#8221;]<\/p>\n<h2 class=\"elementHeader\"><span style=\"color: #000000;\">SMZ ACTROS 5 1845 LS OR LSNRL EURO 6<br \/>\n<\/span><\/h2>\n<p>[\/vc_column_text][vc_column_text css=&#8221;.vc_custom_1499849655102{margin-right: 0px !important;border-bottom-width: 1px !important;padding-top: 20px !important;padding-right: 5% !important;padding-bottom: 20px !important;padding-left: 5% !important;background-color: #fff0b7 !important;border-bottom-color: #ffcc00 !important;border-bottom-style: solid !important;}&#8221;]\n<table id=\"tablepress-5\" class=\"tablepress tablepress-id-5\">\n<tbody>\n<tr class=\"row-1 odd\">\n\t<td class=\"column-1\">Fahrerhaus<\/td><td class=\"column-2\">StreamSpace, Ginstergelb (MB 1212) mit DHL oder Deutsche-Post-Firmenbeschriftung<\/td>\n<\/tr>\n<tr class=\"row-2 even\">\n\t<td class=\"column-1\">Ausstattung<\/td><td class=\"column-2\">PowerShift 3 Automatikgetriebe, PPC (Satellitengest\u00fctzter Tempomat), Active Drive Assist inkl. Spurhalte- und Abstandshalte-Assistent, Mirror Cam,  Retarder, Tankinhalt: LS: 1.000 L\/ LSNRL: 890 L, Standklimaanlage, MultimediaCockpit, Abbiegeassistent,  ActiveBrakeAssist (ABA 5), Navigationssystem, K\u00fchlbox, Lederlenkrad, Soundsystem, Fleetboard<\/td>\n<\/tr>\n<tr class=\"row-3 odd\">\n\t<td class=\"column-1\">Leistung<\/td><td class=\"column-2\">310 kw (421 PS) \/ 315 kw (428 PS) \/ 330 kw (449 PS)<\/td>\n<\/tr>\n<tr class=\"row-4 even\">\n\t<td class=\"column-1\">Gesamtgewicht<\/td><td class=\"column-2\">18.000 kg<\/td>\n<\/tr>\n<tr class=\"row-5 odd\">\n\t<td class=\"column-1\">Aufnahmeh\u00f6he<\/td><td class=\"column-2\">1.150 mm \/ 960 mm<\/td>\n<\/tr>\n<\/tbody>\n<\/table>\n<!-- #tablepress-5 from cache -->[\/vc_column_text][\/vc_column][\/vc_row][vc_row remove_padding=&#8221;no-padding-vc-row&#8221;][vc_column width=&#8221;1\/3&#8243;][vc_single_image image=&#8221;9352&#8243; img_size=&#8221;full&#8221;][\/vc_column][vc_column width=&#8221;2\/3&#8243;][vc_column_text css=&#8221;.vc_custom_1593505868827{margin-bottom: 0px !important;padding-top: 15px !important;padding-bottom: 10px !important;padding-left: 5% !important;background-color: #ffcc00 !important;}&#8221;]<\/p>\n<h2 class=\"elementHeader\"><span style=\"color: #000000;\">ACTROS 5 2545 L, INTERCHANGEABLE SYSTEM<br \/>\n<\/span><\/h2>\n<p>[\/vc_column_text][vc_column_text css=&#8221;.vc_custom_1499849690280{margin-right: 0px !important;border-bottom-width: 1px !important;padding-top: 20px !important;padding-right: 5% !important;padding-bottom: 20px !important;padding-left: 5% !important;background-color: #fff0b7 !important;border-bottom-color: #ffcc00 !important;border-bottom-style: solid !important;}&#8221;]\n<table id=\"tablepress-6\" class=\"tablepress tablepress-id-6\">\n<tbody>\n<tr class=\"row-1 odd\">\n\t<td class=\"column-1\">Fahrerhaus<\/td><td class=\"column-2\">StreamSpace, Ginstergelb (MB 1212) mit DHL oder Deutsche-Post-Firmenbeschriftung<\/td>\n<\/tr>\n<tr class=\"row-2 even\">\n\t<td class=\"column-1\">Ausstattung<\/td><td class=\"column-2\">PowerShift 3 Automatikgetriebe, PPC (Satellitengest\u00fctzter Tempomat), Active Drive Assist inkl. Spurhalte- und Abstandshalte-Assistent, Mirror Cam, Retarder, Tankinhalt: 760 L, DuomaticAnschl\u00fcsse, Tief- und Heckkupplung, Standklimaanlage, MultimediaCockpit, Abbiegeassistent, ActiveBrakeAssist (ABA 5), Navigationssystem, K\u00fchlbox, Lederlenkrad, Soundsystem, Fleetboard<\/td>\n<\/tr>\n<tr class=\"row-3 odd\">\n\t<td class=\"column-1\">Leistung<\/td><td class=\"column-2\">310 kw (421 PS) \/ 315 kw (428 PS) \/ 330 kw (449 PS)<\/td>\n<\/tr>\n<tr class=\"row-4 even\">\n\t<td class=\"column-1\">Gesamtgewicht<\/td><td class=\"column-2\">25.000 kg<\/td>\n<\/tr>\n<tr class=\"row-5 odd\">\n\t<td class=\"column-1\">Nutzlast<\/td><td class=\"column-2\">max. 15.700 kg<\/td>\n<\/tr>\n<tr class=\"row-6 even\">\n\t<td class=\"column-1\">Standard Ausf\u00fchrung<br \/>\nAufnahmeh\u00f6he:<br \/>\nAufnahmel\u00e4nge:<\/td><td class=\"column-2\">1.120 - 1.320 mm<br \/>\n7.150 \/ 7.450 mm<\/td>\n<\/tr>\n<tr class=\"row-7 odd\">\n\t<td class=\"column-1\">MIDI-Ausf\u00fchrung<br \/>\nAufnahmeh\u00f6he:<br \/>\nAufnahmel\u00e4nge:<\/td><td class=\"column-2\">1.120 - 1.320 mm<br \/>\n7.150 \/ 7.450 \/ 7.820 mm<\/td>\n<\/tr>\n<\/tbody>\n<\/table>\n<!-- #tablepress-6 from cache -->[\/vc_column_text][\/vc_column][\/vc_row][vc_row remove_padding=&#8221;no-padding-vc-row&#8221;][vc_column width=&#8221;1\/3&#8243;][vc_single_image image=&#8221;9359&#8243; img_size=&#8221;full&#8221;][\/vc_column][vc_column width=&#8221;2\/3&#8243;][vc_column_text css=&#8221;.vc_custom_1499849716115{margin-bottom: 0px !important;padding-top: 15px !important;padding-bottom: 10px !important;padding-left: 5% !important;background-color: #ffcc00 !important;}&#8221;]<\/p>\n<h2 class=\"elementHeader\"><span style=\"color: #000000;\">TANDEM INTERCHANGEABLE TRAILERS<\/span><\/h2>\n<p>[\/vc_column_text][vc_column_text css=&#8221;.vc_custom_1499849725459{margin-right: 0px !important;border-bottom-width: 1px !important;padding-top: 20px !important;padding-right: 5% !important;padding-bottom: 20px !important;padding-left: 5% !important;background-color: #fff0b7 !important;border-bottom-color: #ffcc00 !important;border-bottom-style: solid !important;}&#8221;]\n<table id=\"tablepress-7\" class=\"tablepress tablepress-id-7\">\n<tbody>\n<tr class=\"row-1 odd\">\n\t<td class=\"column-1\">Ausstattung<\/td><td class=\"column-2\">verstellbare Deichsel, Luftfederung, Nachtparktafel, Gefahrguttafel<\/td>\n<\/tr>\n<tr class=\"row-2 even\">\n\t<td class=\"column-1\">Gesamtgewicht<\/td><td class=\"column-2\">18.000 kg<\/td>\n<\/tr>\n<tr class=\"row-3 odd\">\n\t<td class=\"column-1\">Nutzlast<\/td><td class=\"column-2\">ca. 14.500 kg<\/td>\n<\/tr>\n<tr class=\"row-4 even\">\n\t<td class=\"column-1\">Aufnahmeh\u00f6he<\/td><td class=\"column-2\">1.120 - 1.320 mm<\/td>\n<\/tr>\n<tr class=\"row-5 odd\">\n\t<td class=\"column-1\">Aufnahmel\u00e4nge<\/td><td class=\"column-2\">7.150 \/ 7.450 \/ 7.820 mm<\/td>\n<\/tr>\n<\/tbody>\n<\/table>\n<!-- #tablepress-7 from cache -->[\/vc_column_text][\/vc_column][\/vc_row][vc_row remove_padding=&#8221;no-padding-vc-row&#8221;][vc_column width=&#8221;1\/3&#8243;][vc_single_image image=&#8221;9356&#8243; img_size=&#8221;full&#8221;][\/vc_column][vc_column width=&#8221;2\/3&#8243;][vc_column_text css=&#8221;.vc_custom_1499850667977{margin-bottom: 0px !important;padding-top: 15px !important;padding-bottom: 10px !important;padding-left: 5% !important;background-color: #ffcc00 !important;}&#8221;]<\/p>\n<h2 class=\"elementHeader\"><span style=\"color: #000000;\">2-AXLE BDF TURNTABLE TRAILER A.WF<br \/>\n18 L MIDI FROM SCHMITZ CARGOBULL<br \/>\n<\/span><\/h2>\n<p>[\/vc_column_text][vc_column_text css=&#8221;.vc_custom_1499849748824{margin-right: 0px !important;border-bottom-width: 1px !important;padding-top: 20px !important;padding-right: 5% !important;padding-bottom: 20px !important;padding-left: 5% !important;background-color: #fff0b7 !important;border-bottom-color: #ffcc00 !important;border-bottom-style: solid !important;}&#8221;]\n<table id=\"tablepress-8\" class=\"tablepress tablepress-id-8\">\n<tbody>\n<tr class=\"row-1 odd\">\n\t<td class=\"column-1\">Ausstattung<\/td><td class=\"column-2\">Luftfederung, Nachtparktafel, Gefahrguttafel<\/td>\n<\/tr>\n<tr class=\"row-2 even\">\n\t<td class=\"column-1\">Gesamtgewicht<\/td><td class=\"column-2\">18.000 kg<\/td>\n<\/tr>\n<tr class=\"row-3 odd\">\n\t<td class=\"column-1\">Aufnahmeh\u00f6he<\/td><td class=\"column-2\">1.120 - 1.320 mm<\/td>\n<\/tr>\n<tr class=\"row-4 even\">\n\t<td class=\"column-1\">Aufnahmel\u00e4nge<\/td><td class=\"column-2\">7.150 \/ 7.450 \/ 7.820 mm<\/td>\n<\/tr>\n<\/tbody>\n<\/table>\n<!-- #tablepress-8 from cache -->[\/vc_column_text][\/vc_column][\/vc_row]<\/p>\n","protected":false},"excerpt":{"rendered":"<p>[vc_row full_width=&#8221;stretch_row_content_no_spaces&#8221; remove_padding=&#8221;no-padding-vc-row&#8221; el_class=&#8221;slider_top&#8221; css=&#8221;.vc_custom_1500645053783{background-image: url(https:\/\/partner-store.com\/wp-content\/uploads\/2017\/06\/Header_Fahren_Langzeitmiete_2814x540.jpg?id=1433) !important;background-position: center !important;background-repeat: no-repeat !important;background-size: cover !important;}&#8221;][vc_column][vc_empty_space height=&#8221;270px&#8221;][\/vc_column][\/vc_row][vc_row remove_padding=&#8221;no-padding-vc-row&#8221; css=&#8221;.vc_custom_1499091058685{margin-top: 50px !important;}&#8221;][vc_column width=&#8221;1\/3&#8243;][vc_single_image image=&#8221;9243&#8243; img_size=&#8221;large&#8221;][\/vc_column][vc_column width=&#8221;2\/3&#8243;][vc_column_text] The Mercedes-Benz CharterWay rental fleet With our Mercedes-Benz commercial vehicles, we offer a selection of models that is&#8230;<\/p>\n","protected":false},"author":1,"featured_media":0,"parent":0,"menu_order":0,"comment_status":"closed","ping_status":"closed","template":"","meta":[],"_links":{"self":[{"href":"https:\/\/partner-store.com\/en\/wp-json\/wp\/v2\/pages\/10005"}],"collection":[{"href":"https:\/\/partner-store.com\/en\/wp-json\/wp\/v2\/pages"}],"about":[{"href":"https:\/\/partner-store.com\/en\/wp-json\/wp\/v2\/types\/page"}],"author":[{"embeddable":true,"href":"https:\/\/partner-store.com\/en\/wp-json\/wp\/v2\/users\/1"}],"replies":[{"embeddable":true,"href":"https:\/\/partner-store.com\/en\/wp-json\/wp\/v2\/comments?post=10005"}],"version-history":[{"count":10,"href":"https:\/\/partner-store.com\/en\/wp-json\/wp\/v2\/pages\/10005\/revisions"}],"predecessor-version":[{"id":10118,"href":"https:\/\/partner-store.com\/en\/wp-json\/wp\/v2\/pages\/10005\/revisions\/10118"}],"wp:attachment":[{"href":"https:\/\/partner-store.com\/en\/wp-json\/wp\/v2\/media?parent=10005"}],"curies":[{"name":"wp","href":"https:\/\/api.w.org\/{rel}","templated":true}]}}